{"id":401,"date":"2021-11-11T15:36:28","date_gmt":"2021-11-11T14:36:28","guid":{"rendered":"https:\/\/www.schwedensplitt.se\/?page_id=401"},"modified":"2022-01-03T11:42:08","modified_gmt":"2022-01-03T10:42:08","slug":"kvalitetspolicy","status":"publish","type":"page","link":"https:\/\/www.schwedensplitt.se\/en\/kvalitetspolicy\/","title":{"rendered":"Quality policy"},"content":{"rendered":"<div data-elementor-type=\"wp-page\" data-elementor-id=\"401\" class=\"elementor elementor-401\" data-elementor-post-type=\"page\">\n\t\t\t\t\t\t\t\t\t<section data-particle_enable=\"false\" data-particle-mobile-disabled=\"false\" class=\"elementor-section elementor-top-section elementor-element elementor-element-ab16a0b elementor-section-height-min-height elementor-section-items-bottom elementor-section-boxed elementor-section-height-default\" data-id=\"ab16a0b\" data-element_type=\"section\" data-settings=\"{&quot;background_background&quot;:&quot;classic&quot;}\">\n\t\t\t\t\t\t\t<div class=\"elementor-background-overlay\"><\/div>\n\t\t\t\t\t\t\t<div class=\"elementor-container elementor-column-gap-default\">\n\t\t\t\t\t<div class=\"elementor-column elementor-col-100 elementor-top-column elementor-element elementor-element-502079f\" data-id=\"502079f\" data-element_type=\"column\">\n\t\t\t<div class=\"elementor-widget-wrap\">\n\t\t\t\t\t\t\t\t\t<\/div>\n\t\t<\/div>\n\t\t\t\t\t\t\t<\/div>\n\t\t<\/section>\n\t\t\t\t<section data-particle_enable=\"false\" data-particle-mobile-disabled=\"false\" class=\"elementor-section elementor-top-section elementor-element elementor-element-cfaa0a4 elementor-section-content-middle elementor-section-boxed elementor-section-height-default elementor-section-height-default\" data-id=\"cfaa0a4\" data-element_type=\"section\">\n\t\t\t\t\t\t<div class=\"elementor-container elementor-column-gap-no\">\n\t\t\t\t\t<div class=\"elementor-column elementor-col-100 elementor-top-column elementor-element elementor-element-6dd624c\" data-id=\"6dd624c\" data-element_type=\"column\">\n\t\t\t<div class=\"elementor-widget-wrap elementor-element-populated\">\n\t\t\t\t\t\t\t\t<div class=\"elementor-element elementor-element-1b9225e elementor-widget elementor-widget-heading\" data-id=\"1b9225e\" data-element_type=\"widget\" data-widget_type=\"heading.default\">\n\t\t\t\t<div class=\"elementor-widget-container\">\n\t\t\t<style>\/*! elementor - v3.17.0 - 25-10-2023 *\/\n.elementor-heading-title{padding:0;margin:0;line-height:1}.elementor-widget-heading .elementor-heading-title[class*=elementor-size-]>a{color:inherit;font-size:inherit;line-height:inherit}.elementor-widget-heading .elementor-heading-title.elementor-size-small{font-size:15px}.elementor-widget-heading .elementor-heading-title.elementor-size-medium{font-size:19px}.elementor-widget-heading .elementor-heading-title.elementor-size-large{font-size:29px}.elementor-widget-heading .elementor-heading-title.elementor-size-xl{font-size:39px}.elementor-widget-heading .elementor-heading-title.elementor-size-xxl{font-size:59px}<\/style><h4 class=\"elementor-heading-title elementor-size-default\">Quality policy<\/h4>\t\t<\/div>\n\t\t\t\t<\/div>\n\t\t\t\t<div class=\"elementor-element elementor-element-ec83c41 elementor-widget elementor-widget-text-editor\" data-id=\"ec83c41\" data-element_type=\"widget\" data-widget_type=\"text-editor.default\">\n\t\t\t\t<div class=\"elementor-widget-container\">\n\t\t\t<style>\/*! elementor - v3.17.0 - 25-10-2023 *\/\n.elementor-widget-text-editor.elementor-drop-cap-view-stacked .elementor-drop-cap{background-color:#69727d;color:#fff}.elementor-widget-text-editor.elementor-drop-cap-view-framed .elementor-drop-cap{color:#69727d;border:3px solid;background-color:transparent}.elementor-widget-text-editor:not(.elementor-drop-cap-view-default) .elementor-drop-cap{margin-top:8px}.elementor-widget-text-editor:not(.elementor-drop-cap-view-default) .elementor-drop-cap-letter{width:1em;height:1em}.elementor-widget-text-editor .elementor-drop-cap{float:left;text-align:center;line-height:1;font-size:50px}.elementor-widget-text-editor .elementor-drop-cap-letter{display:inline-block}<\/style>\t\t\t\t<p>Schweden Splitt AB operates according to the EU quality standards for ballast. Our ambitions are to meet our customers' requirements, needs and expectations with customer focus at all times to deliver services and products with the right quality.<\/p><p>We achieve this through employee professionalism and commitment, ongoing training in quality issues, well-developed quality systems with continuous improvement.<\/p><p>Our quality performance is continuously evaluated through production tests in our own lab, registration of deviations and external audits<\/p><p>Our production is mainly produced according to the following harmonizing standards:<\/p>\t\t\t\t\t\t<\/div>\n\t\t\t\t<\/div>\n\t\t\t\t<div class=\"elementor-element elementor-element-73425da elementor-widget elementor-widget-text-editor\" data-id=\"73425da\" data-element_type=\"widget\" data-no-translation=\"\" data-widget_type=\"text-editor.default\">\n\t\t\t\t<div class=\"elementor-widget-container\">\n\t\t\t\t\t\t\t<p id=\"E99\" class=\"x-scope qowt-word-para-2\"><span id=\"E307\" class=\"qowt-font6-Arial\">\u00a7 EN13043, <\/span><span id=\"E309\" class=\"qowt-font6-Arial\">asphalt<\/span><span id=\"E311\" class=\"qowt-font6-Arial\"> <\/span><span id=\"E313\" class=\"qowt-font6-Arial\">aggregates<\/span><span id=\"E316\" class=\"qowt-font6-Arial\"><br \/><\/span><span id=\"E317\" class=\"qowt-font6-Arial\">\u00a7 EN12620, <\/span><span id=\"E319\" class=\"qowt-font6-Arial\">concrete<\/span><span id=\"E321\" class=\"qowt-font6-Arial\"> <\/span><span id=\"E323\" class=\"qowt-font6-Arial\">aggregates<\/span><span id=\"E326\" class=\"qowt-font6-Arial\"><br \/><\/span><span id=\"E327\" class=\"qowt-font6-Arial\">\u00a7 EN13242, road <\/span><span id=\"E329\" class=\"qowt-font6-Arial\">building<\/span><span id=\"E331\" class=\"qowt-font6-Arial\"> materials<\/span><span id=\"E333\" class=\"qowt-font6-Arial\"><br \/><\/span><span id=\"E334\" class=\"qowt-font6-Arial\">\u00a7 EN13450, <\/span><span id=\"E336\" class=\"qowt-font6-Arial\">railway<\/span><span id=\"E338\" class=\"qowt-font6-Arial\"> ballast<\/span><\/p>\t\t\t\t\t\t<\/div>\n\t\t\t\t<\/div>\n\t\t\t\t<div class=\"elementor-element elementor-element-093295f elementor-widget elementor-widget-shortcode\" data-id=\"093295f\" data-element_type=\"widget\" data-widget_type=\"shortcode.default\">\n\t\t\t\t<div class=\"elementor-widget-container\">\n\t\t\t\t\t<div class=\"elementor-shortcode\"><div class=\"productinfo mt-5\">\n\t<div class=\"faqlist\">\n\t\t<div class=\"accordion flex\">\n\t\t\t\t\t\t\n\t\t\t\t<div class=\"catname twelve\">\n\t\t<div class=\"toggle\">Prestandadeklaration Betong<\/div>\n\t\t<div class=\"inner\">\n\t\t\t<div class=\"posts\">\n\t\t\t\t\t\t\t\t<ul class=\"acc_list\">\n\t\t\t\t\t\t\t\t\t\t\t<li class=\"acc_list-item\"><a href=\"https:\/\/www.schwedensplitt.se\/wp-content\/uploads\/2022\/01\/Prestandadeklaration-2-5.pdf\" target=\"_blank\" rel=\"noopener\">Prestandadeklaration 2-5<\/a><\/li>\n\t\t\t\t\t\t\t\t\t\t\t<li class=\"acc_list-item\"><a href=\"https:\/\/www.schwedensplitt.se\/wp-content\/uploads\/2022\/01\/Prestandadeklaration-4-8-2.pdf\" target=\"_blank\" rel=\"noopener\">Prestandadeklaration 4-8<\/a><\/li>\n\t\t\t\t\t\t\t\t\t\t\t<li class=\"acc_list-item\"><a href=\"https:\/\/www.schwedensplitt.se\/wp-content\/uploads\/2022\/01\/Prestandadeklaration-8-11-1.pdf\" target=\"_blank\" rel=\"noopener\">Prestandadeklaration 8-11<\/a><\/li>\n\t\t\t\t\t\t\t\t\t\t\t<li class=\"acc_list-item\"><a href=\"https:\/\/www.schwedensplitt.se\/wp-content\/uploads\/2022\/01\/Prestandadeklaration-8-16-1.pdf\" target=\"_blank\" rel=\"noopener\">Prestandadeklaration 8-16<\/a><\/li>\n\t\t\t\t\t\t\t\t\t\t\t<li class=\"acc_list-item\"><a href=\"https:\/\/www.schwedensplitt.se\/wp-content\/uploads\/2022\/01\/Prestandadeklaration-11-16.pdf\" target=\"_blank\" rel=\"noopener\">Prestandadeklaration 11-16<\/a><\/li>\n\t\t\t\t\t\t\t\t\t\t\t<li class=\"acc_list-item\"><a href=\"https:\/\/www.schwedensplitt.se\/wp-content\/uploads\/2022\/01\/Prestandadeklaration-16-22-1.pdf\" target=\"_blank\" rel=\"noopener\">Prestandadeklaration 16-22<\/a><\/li>\n\t\t\t\t\t\t\t\t\t\t\t<li class=\"acc_list-item\"><a href=\"https:\/\/www.schwedensplitt.se\/wp-content\/uploads\/2022\/01\/Prestandadeklaration-16-25.pdf\" target=\"_blank\" rel=\"noopener\">Prestandadeklaration 16-25<\/a><\/li>\n\t\t\t\t\t\t\t\t\t\t\t<li class=\"acc_list-item\"><a href=\"https:\/\/www.schwedensplitt.se\/wp-content\/uploads\/2022\/01\/Prestandadeklaration-16-32-1.pdf\" target=\"_blank\" rel=\"noopener\">Prestandadeklaration 16-32<\/a><\/li>\n\t\t\t\t\t\t\n\t\t\t\t<\/ul>\n\t\t\t<\/div>\n\t\t\t\t\t\t\n\t\t\t<\/div><\/div>\t<div class=\"catname twelve\">\n\t\t<div class=\"toggle\">Prestandadeklaration J\u00e4rnv\u00e4g<\/div>\n\t\t<div class=\"inner\">\n\t\t\t<div class=\"posts\">\n\t\t\t\t\t\t\t\t<ul class=\"acc_list\">\n\t\t\t\t\t\t\t\t\t\t\t<li class=\"acc_list-item\"><a href=\"https:\/\/www.schwedensplitt.se\/wp-content\/uploads\/2022\/01\/Prestandadeklaration-315-50-Kat.-A-SWE.pdf\" target=\"_blank\" rel=\"noopener\">Prestandadeklaration 315-50 Kat. A SWE<\/a><\/li>\n\t\t\t\t\t\t\t\t\t\t\t<li class=\"acc_list-item\"><a href=\"https:\/\/www.schwedensplitt.se\/wp-content\/uploads\/2022\/01\/Prestandadeklaration-315-63-Kat.-F-Kornlngd-D.pdf\" target=\"_blank\" rel=\"noopener\">Prestandadeklaration 315-63 Kat. F Kornlngd D<\/a><\/li>\n\t\t\t\t\t\t\t\t\t\t\t<li class=\"acc_list-item\"><a href=\"https:\/\/www.schwedensplitt.se\/wp-content\/uploads\/2022\/01\/Prestandadeklaration-315-63-Kat.-F-Kornlngd-E.pdf\" target=\"_blank\" rel=\"noopener\">Prestandadeklaration 315-63 Kat. F Kornlngd E<\/a><\/li>\n\t\t\t\t\t\t\n\t\t\t\t<\/ul>\n\t\t\t<\/div>\n\t\t\t\t\t\t\n\t\t\t<\/div><\/div>\t<div class=\"catname twelve\">\n\t\t<div class=\"toggle\">Prestandadeklaration Asfalt<\/div>\n\t\t<div class=\"inner\">\n\t\t\t<div class=\"posts\">\n\t\t\t\t\t\t\t\t<ul class=\"acc_list\">\n\t\t\t\t\t\t\t\t\t\t\t<li class=\"acc_list-item\"><a href=\"https:\/\/www.schwedensplitt.se\/wp-content\/uploads\/2022\/01\/0-2.pdf\" target=\"_blank\" rel=\"noopener\">0-2<\/a><\/li>\n\t\t\t\t\t\t\t\t\t\t\t<li class=\"acc_list-item\"><a href=\"https:\/\/www.schwedensplitt.se\/wp-content\/uploads\/2022\/01\/0-5.pdf\" target=\"_blank\" rel=\"noopener\">0-5<\/a><\/li>\n\t\t\t\t\t\t\t\t\t\t\t<li class=\"acc_list-item\"><a href=\"https:\/\/www.schwedensplitt.se\/wp-content\/uploads\/2022\/01\/2-5.pdf\" target=\"_blank\" rel=\"noopener\">2-5<\/a><\/li>\n\t\t\t\t\t\t\t\t\t\t\t<li class=\"acc_list-item\"><a href=\"https:\/\/www.schwedensplitt.se\/wp-content\/uploads\/2022\/01\/Prestandadeklaration-4-8-3.pdf\" target=\"_blank\" rel=\"noopener\">Prestandadeklaration 4-8<\/a><\/li>\n\t\t\t\t\t\t\t\t\t\t\t<li class=\"acc_list-item\"><a href=\"https:\/\/www.schwedensplitt.se\/wp-content\/uploads\/2022\/01\/Prestandadeklaration-8-11-1-1.pdf\" target=\"_blank\" rel=\"noopener\">Prestandadeklaration 8-11<\/a><\/li>\n\t\t\t\t\t\t\t\t\t\t\t<li class=\"acc_list-item\"><a href=\"https:\/\/www.schwedensplitt.se\/wp-content\/uploads\/2022\/01\/Prestandadeklaration-8-16-2.pdf\" target=\"_blank\" rel=\"noopener\">Prestandadeklaration 8-16<\/a><\/li>\n\t\t\t\t\t\t\t\t\t\t\t<li class=\"acc_list-item\"><a href=\"https:\/\/www.schwedensplitt.se\/wp-content\/uploads\/2022\/01\/Prestandadeklaration-11-16-1.pdf\" target=\"_blank\" rel=\"noopener\">Prestandadeklaration 11-16<\/a><\/li>\n\t\t\t\t\t\t\t\t\t\t\t<li class=\"acc_list-item\"><a href=\"https:\/\/www.schwedensplitt.se\/wp-content\/uploads\/2022\/01\/Prestandadeklaration-16-22-2.pdf\" target=\"_blank\" rel=\"noopener\">Prestandadeklaration 16-22<\/a><\/li>\n\t\t\t\t\t\t\t\t\t\t\t<li class=\"acc_list-item\"><a href=\"https:\/\/www.schwedensplitt.se\/wp-content\/uploads\/2022\/01\/Prestandadeklaration-16-32-2.pdf\" target=\"_blank\" rel=\"noopener\">Prestandadeklaration 16-32<\/a><\/li>\n\t\t\t\t\t\t\n\t\t\t\t<\/ul>\n\t\t\t<\/div>\n\t\t\t\t\t\t\n\t\t\t<\/div><\/div>\t<div class=\"catname twelve\">\n\t\t<div class=\"toggle\">Prestandadeklaration V\u00e4g<\/div>\n\t\t<div class=\"inner\">\n\t\t\t<div class=\"posts\">\n\t\t\t\t\t\t\t\t<ul class=\"acc_list\">\n\t\t\t\t\t\t\t\t\t\t\t<li class=\"acc_list-item\"><a href=\"https:\/\/www.schwedensplitt.se\/wp-content\/uploads\/2022\/01\/Prestandadeklaration-0-16.pdf\" target=\"_blank\" rel=\"noopener\">Prestandadeklaration 0-16<\/a><\/li>\n\t\t\t\t\t\t\t\t\t\t\t<li class=\"acc_list-item\"><a href=\"https:\/\/www.schwedensplitt.se\/wp-content\/uploads\/2022\/01\/Prestandadeklaration-0-315.pdf\" target=\"_blank\" rel=\"noopener\">Prestandadeklaration 0-315<\/a><\/li>\n\t\t\t\t\t\t\t\t\t\t\t<li class=\"acc_list-item\"><a href=\"https:\/\/www.schwedensplitt.se\/wp-content\/uploads\/2022\/01\/Prestandadeklaration-0-45.pdf\" target=\"_blank\" rel=\"noopener\">Prestandadeklaration 0-45<\/a><\/li>\n\t\t\t\t\t\t\t\t\t\t\t<li class=\"acc_list-item\"><a href=\"https:\/\/www.schwedensplitt.se\/wp-content\/uploads\/2022\/01\/Prestandadeklaration_0-63_Ga80.pdf\" target=\"_blank\" rel=\"noopener\">Prestandadeklaration_0-63_Ga80<\/a><\/li>\n\t\t\t\t\t\t\t\t\t\t\t<li class=\"acc_list-item\"><a href=\"https:\/\/www.schwedensplitt.se\/wp-content\/uploads\/2022\/01\/Prestandadeklaration-0-90.pdf\" target=\"_blank\" rel=\"noopener\">Prestandadeklaration 0-90<\/a><\/li>\n\t\t\t\t\t\t\n\t\t\t\t<\/ul>\n\t\t\t<\/div>\n\t\t\t\t\t\t\n\t\t\t<\/div><\/div>\t<div class=\"catname twelve\">\n\t\t<div class=\"toggle\">CE - deklaration Asfalt<\/div>\n\t\t<div class=\"inner\">\n\t\t\t<div class=\"posts\">\n\t\t\t\t\t\t\t\t<ul class=\"acc_list\">\n\t\t\t\t\t\t\t\t\t\t\t<li class=\"acc_list-item\"><a href=\"https:\/\/www.schwedensplitt.se\/wp-content\/uploads\/2022\/01\/0-2-Asfalt-f16.pdf\" target=\"_blank\" rel=\"noopener\">0-2 Asfalt f16<\/a><\/li>\n\t\t\t\t\t\t\t\t\t\t\t<li class=\"acc_list-item\"><a href=\"https:\/\/www.schwedensplitt.se\/wp-content\/uploads\/2022\/01\/0-5-Asfalt.pdf\" target=\"_blank\" rel=\"noopener\">0-5 Asfalt<\/a><\/li>\n\t\t\t\t\t\t\t\t\t\t\t<li class=\"acc_list-item\"><a href=\"https:\/\/www.schwedensplitt.se\/wp-content\/uploads\/2022\/01\/2-5-Asfalt.pdf\" target=\"_blank\" rel=\"noopener\">2-5 Asfalt<\/a><\/li>\n\t\t\t\t\t\t\t\t\t\t\t<li class=\"acc_list-item\"><a href=\"https:\/\/www.schwedensplitt.se\/wp-content\/uploads\/2022\/01\/4-8-Asfalt-1.pdf\" target=\"_blank\" rel=\"noopener\">4-8 Asfalt<\/a><\/li>\n\t\t\t\t\t\t\t\t\t\t\t<li class=\"acc_list-item\"><a href=\"https:\/\/www.schwedensplitt.se\/wp-content\/uploads\/2022\/01\/8-11-Asfalt-1.pdf\" target=\"_blank\" rel=\"noopener\">8-11 Asfalt<\/a><\/li>\n\t\t\t\t\t\t\t\t\t\t\t<li class=\"acc_list-item\"><a href=\"https:\/\/www.schwedensplitt.se\/wp-content\/uploads\/2022\/01\/8-16-Asfalt-1.pdf\" target=\"_blank\" rel=\"noopener\">8-16 Asfalt<\/a><\/li>\n\t\t\t\t\t\t\t\t\t\t\t<li class=\"acc_list-item\"><a href=\"https:\/\/www.schwedensplitt.se\/wp-content\/uploads\/2022\/01\/11-16-Asfalt.pdf\" target=\"_blank\" rel=\"noopener\">11-16 Asfalt<\/a><\/li>\n\t\t\t\t\t\t\t\t\t\t\t<li class=\"acc_list-item\"><a href=\"https:\/\/www.schwedensplitt.se\/wp-content\/uploads\/2022\/01\/16-22-Asfalt-1.pdf\" target=\"_blank\" rel=\"noopener\">16-22 Asfalt<\/a><\/li>\n\t\t\t\t\t\t\t\t\t\t\t<li class=\"acc_list-item\"><a href=\"https:\/\/www.schwedensplitt.se\/wp-content\/uploads\/2022\/01\/16-32-Asfalt-1.pdf\" target=\"_blank\" rel=\"noopener\">16-32 Asfalt<\/a><\/li>\n\t\t\t\t\t\t\n\t\t\t\t<\/ul>\n\t\t\t<\/div>\n\t\t\t\t\t\t\n\t\t\t<\/div><\/div>\t<div class=\"catname twelve\">\n\t\t<div class=\"toggle\">CE - deklaration Betong<\/div>\n\t\t<div class=\"inner\">\n\t\t\t<div class=\"posts\">\n\t\t\t\t\t\t\t\t<ul class=\"acc_list\">\n\t\t\t\t\t\t\t\t\t\t\t<li class=\"acc_list-item\"><a href=\"https:\/\/www.schwedensplitt.se\/wp-content\/uploads\/2022\/01\/2-5-Betong.pdf\" target=\"_blank\" rel=\"noopener\">2-5 Betong<\/a><\/li>\n\t\t\t\t\t\t\t\t\t\t\t<li class=\"acc_list-item\"><a href=\"https:\/\/www.schwedensplitt.se\/wp-content\/uploads\/2022\/01\/4-8-Betong-1.pdf\" target=\"_blank\" rel=\"noopener\">4-8 Betong<\/a><\/li>\n\t\t\t\t\t\t\t\t\t\t\t<li class=\"acc_list-item\"><a href=\"https:\/\/www.schwedensplitt.se\/wp-content\/uploads\/2022\/01\/8-11-Betong-1.pdf\" target=\"_blank\" rel=\"noopener\">8-11 Betong<\/a><\/li>\n\t\t\t\t\t\t\t\t\t\t\t<li class=\"acc_list-item\"><a href=\"https:\/\/www.schwedensplitt.se\/wp-content\/uploads\/2022\/01\/8-16-Betong-1.pdf\" target=\"_blank\" rel=\"noopener\">8-16 Betong<\/a><\/li>\n\t\t\t\t\t\t\t\t\t\t\t<li class=\"acc_list-item\"><a href=\"https:\/\/www.schwedensplitt.se\/wp-content\/uploads\/2022\/01\/11-16-Betong-1.pdf\" target=\"_blank\" rel=\"noopener\">11-16 Betong<\/a><\/li>\n\t\t\t\t\t\t\t\t\t\t\t<li class=\"acc_list-item\"><a href=\"https:\/\/www.schwedensplitt.se\/wp-content\/uploads\/2022\/01\/16-22-Betong.pdf\" target=\"_blank\" rel=\"noopener\">16-22 Betong<\/a><\/li>\n\t\t\t\t\t\t\t\t\t\t\t<li class=\"acc_list-item\"><a href=\"https:\/\/www.schwedensplitt.se\/wp-content\/uploads\/2022\/01\/16-32-Betong-.pdf\" target=\"_blank\" rel=\"noopener\">16-32 Betong<\/a><\/li>\n\t\t\t\t\t\t\n\t\t\t\t<\/ul>\n\t\t\t<\/div>\n\t\t\t\t\t\t\n\t\t\t<\/div><\/div>\t<div class=\"catname twelve\">\n\t\t<div class=\"toggle\">CE - deklaration J\u00e4rnv\u00e4g<\/div>\n\t\t<div class=\"inner\">\n\t\t\t<div class=\"posts\">\n\t\t\t\t\t\t\t\t<ul class=\"acc_list\">\n\t\t\t\t\t\t\t\t\t\t\t<li class=\"acc_list-item\"><a href=\"https:\/\/www.schwedensplitt.se\/wp-content\/uploads\/2022\/01\/315-50-Kategori-A.pdf\" target=\"_blank\" rel=\"noopener\">315-50 Kategori A<\/a><\/li>\n\t\t\t\t\t\t\t\t\t\t\t<li class=\"acc_list-item\"><a href=\"https:\/\/www.schwedensplitt.se\/wp-content\/uploads\/2022\/01\/315-63-Kategori-F-kornlngd-D.pdf\" target=\"_blank\" rel=\"noopener\">315-63 Kategori F kornlngd D<\/a><\/li>\n\t\t\t\t\t\t\t\t\t\t\t<li class=\"acc_list-item\"><a href=\"https:\/\/www.schwedensplitt.se\/wp-content\/uploads\/2022\/01\/315-63-Kategori-F-kornlngd-E.pdf\" target=\"_blank\" rel=\"noopener\">315-63 Kategori F kornlngd E<\/a><\/li>\n\t\t\t\t\t\t\n\t\t\t\t<\/ul>\n\t\t\t<\/div>\n\t\t\t\t\t\t\n\t\t\t<\/div><\/div>\t<div class=\"catname twelve\">\n\t\t<div class=\"toggle\">CE - deklaration V\u00e4g<\/div>\n\t\t<div class=\"inner\">\n\t\t\t<div class=\"posts\">\n\t\t\t\t\t\t\t\t<ul class=\"acc_list\">\n\t\t\t\t\t\t\t\t\t\t\t<li class=\"acc_list-item\"><a href=\"https:\/\/www.schwedensplitt.se\/wp-content\/uploads\/2021\/11\/0-16-Vg-1.pdf\" target=\"_blank\" rel=\"noopener\">0-16 Vg<\/a><\/li>\n\t\t\t\t\t\t\t\t\t\t\t<li class=\"acc_list-item\"><a href=\"https:\/\/www.schwedensplitt.se\/wp-content\/uploads\/2021\/11\/0-315-Vg.pdf\" target=\"_blank\" rel=\"noopener\">0-315 Vg<\/a><\/li>\n\t\t\t\t\t\t\t\t\t\t\t<li class=\"acc_list-item\"><a href=\"https:\/\/www.schwedensplitt.se\/wp-content\/uploads\/2021\/11\/0-45-Vg.pdf\" target=\"_blank\" rel=\"noopener\">0-45 Vg<\/a><\/li>\n\t\t\t\t\t\t\t\t\t\t\t<li class=\"acc_list-item\"><a href=\"https:\/\/www.schwedensplitt.se\/wp-content\/uploads\/2021\/11\/0-63_Ga80_Vag-1.pdf\" target=\"_blank\" rel=\"noopener\">0-63_Ga80_Vag<\/a><\/li>\n\t\t\t\t\t\t\t\t\t\t\t<li class=\"acc_list-item\"><a href=\"https:\/\/www.schwedensplitt.se\/wp-content\/uploads\/2021\/11\/0-90-Vg.pdf\" target=\"_blank\" rel=\"noopener\">0-90 Vg<\/a><\/li>\n\t\t\t\t\t\t\n\t\t\t\t<\/ul>\n\t\t\t<\/div>\n\t\t\t\t\t<\/div>\n\t<\/div>\n<\/div>\n<\/div>\n\t\t\t\t<\/div>\n\t\t\t\t<\/div>\n\t\t\t\t\t<\/div>\n\t\t<\/div>\n\t\t\t\t\t\t\t<\/div>\n\t\t<\/section>\n\t\t\t\t\t\t\t<\/div>","protected":false},"excerpt":{"rendered":"<p>Kvalitetspolicy Schweden Splitt AB arbetar enligt EU:s kvalitetsnormer f\u00f6r ballast. Vi str\u00e4var efter att uppfylla kundernas h\u00f6gt st\u00e4llda krav, behov och f\u00f6rv\u00e4ntningar genom att lyh\u00f6rt och med kunden i fokus vid varje tillf\u00e4lle leverera tj\u00e4nster och produkter med r\u00e4tt egenskaper. Detta uppn\u00e5r vi genom medarbetarnas professionalism och engagemang, l\u00f6pande utbildning i kvalitetsfr\u00e5gor, v\u00e4l utformat kvalitetssystem [&hellip;]<\/p>","protected":false},"author":1,"featured_media":0,"parent":0,"menu_order":0,"comment_status":"closed","ping_status":"closed","template":"","meta":{"_seopress_robots_primary_cat":"","footnotes":""},"Pagecategories":[],"class_list":["post-401","page","type-page","status-publish","hentry"],"meta_box":[],"_links":{"self":[{"href":"https:\/\/www.schwedensplitt.se\/en\/wp-json\/wp\/v2\/pages\/401","targetHints":{"allow":["GET"]}}],"collection":[{"href":"https:\/\/www.schwedensplitt.se\/en\/wp-json\/wp\/v2\/pages"}],"about":[{"href":"https:\/\/www.schwedensplitt.se\/en\/wp-json\/wp\/v2\/types\/page"}],"author":[{"embeddable":true,"href":"https:\/\/www.schwedensplitt.se\/en\/wp-json\/wp\/v2\/users\/1"}],"replies":[{"embeddable":true,"href":"https:\/\/www.schwedensplitt.se\/en\/wp-json\/wp\/v2\/comments?post=401"}],"version-history":[{"count":5,"href":"https:\/\/www.schwedensplitt.se\/en\/wp-json\/wp\/v2\/pages\/401\/revisions"}],"predecessor-version":[{"id":1196,"href":"https:\/\/www.schwedensplitt.se\/en\/wp-json\/wp\/v2\/pages\/401\/revisions\/1196"}],"wp:attachment":[{"href":"https:\/\/www.schwedensplitt.se\/en\/wp-json\/wp\/v2\/media?parent=401"}],"wp:term":[{"taxonomy":"Pagecategories","embeddable":true,"href":"https:\/\/www.schwedensplitt.se\/en\/wp-json\/wp\/v2\/Pagecategories?post=401"}],"curies":[{"name":"wp","href":"https:\/\/api.w.org\/{rel}","templated":true}]}}