{"id":38,"date":"2021-11-09T11:12:18","date_gmt":"2021-11-09T10:12:18","guid":{"rendered":"https:\/\/www.schwedensplitt.se\/?page_id=38"},"modified":"2022-01-03T11:47:50","modified_gmt":"2022-01-03T10:47:50","slug":"shipping","status":"publish","type":"page","link":"https:\/\/www.schwedensplitt.se\/en\/shipping\/","title":{"rendered":"Shipping"},"content":{"rendered":"<div data-elementor-type=\"wp-page\" data-elementor-id=\"38\" class=\"elementor elementor-38\" data-elementor-post-type=\"page\">\n\t\t\t\t\t\t\t\t\t<section data-particle_enable=\"false\" data-particle-mobile-disabled=\"false\" class=\"elementor-section elementor-top-section elementor-element elementor-element-792afda elementor-section-height-min-height elementor-section-items-bottom elementor-section-boxed elementor-section-height-default\" data-id=\"792afda\" data-element_type=\"section\" data-settings=\"{&quot;background_background&quot;:&quot;classic&quot;}\">\n\t\t\t\t\t\t\t<div class=\"elementor-background-overlay\"><\/div>\n\t\t\t\t\t\t\t<div class=\"elementor-container elementor-column-gap-default\">\n\t\t\t\t\t<div class=\"elementor-column elementor-col-100 elementor-top-column elementor-element elementor-element-a80d19a\" data-id=\"a80d19a\" data-element_type=\"column\">\n\t\t\t<div class=\"elementor-widget-wrap\">\n\t\t\t\t\t\t\t\t\t<\/div>\n\t\t<\/div>\n\t\t\t\t\t\t\t<\/div>\n\t\t<\/section>\n\t\t\t\t<section data-particle_enable=\"false\" data-particle-mobile-disabled=\"false\" class=\"elementor-section elementor-top-section elementor-element elementor-element-12506b4 elementor-section-content-middle elementor-section-boxed elementor-section-height-default elementor-section-height-default\" data-id=\"12506b4\" data-element_type=\"section\">\n\t\t\t\t\t\t<div class=\"elementor-container elementor-column-gap-no\">\n\t\t\t\t\t<div class=\"elementor-column elementor-col-100 elementor-top-column elementor-element elementor-element-948b1df\" data-id=\"948b1df\" data-element_type=\"column\">\n\t\t\t<div class=\"elementor-widget-wrap elementor-element-populated\">\n\t\t\t\t\t\t\t\t<div class=\"elementor-element elementor-element-f3127cd elementor-widget elementor-widget-heading\" data-id=\"f3127cd\" data-element_type=\"widget\" data-widget_type=\"heading.default\">\n\t\t\t\t<div class=\"elementor-widget-container\">\n\t\t\t<style>\/*! elementor - v3.17.0 - 25-10-2023 *\/\n.elementor-heading-title{padding:0;margin:0;line-height:1}.elementor-widget-heading .elementor-heading-title[class*=elementor-size-]>a{color:inherit;font-size:inherit;line-height:inherit}.elementor-widget-heading .elementor-heading-title.elementor-size-small{font-size:15px}.elementor-widget-heading .elementor-heading-title.elementor-size-medium{font-size:19px}.elementor-widget-heading .elementor-heading-title.elementor-size-large{font-size:29px}.elementor-widget-heading .elementor-heading-title.elementor-size-xl{font-size:39px}.elementor-widget-heading .elementor-heading-title.elementor-size-xxl{font-size:59px}<\/style><h4 class=\"elementor-heading-title elementor-size-default\">Shipping<\/h4>\t\t<\/div>\n\t\t\t\t<\/div>\n\t\t\t\t<div class=\"elementor-element elementor-element-971942d elementor-widget elementor-widget-text-editor\" data-id=\"971942d\" data-element_type=\"widget\" data-widget_type=\"text-editor.default\">\n\t\t\t\t<div class=\"elementor-widget-container\">\n\t\t\t<style>\/*! elementor - v3.17.0 - 25-10-2023 *\/\n.elementor-widget-text-editor.elementor-drop-cap-view-stacked .elementor-drop-cap{background-color:#69727d;color:#fff}.elementor-widget-text-editor.elementor-drop-cap-view-framed .elementor-drop-cap{color:#69727d;border:3px solid;background-color:transparent}.elementor-widget-text-editor:not(.elementor-drop-cap-view-default) .elementor-drop-cap{margin-top:8px}.elementor-widget-text-editor:not(.elementor-drop-cap-view-default) .elementor-drop-cap-letter{width:1em;height:1em}.elementor-widget-text-editor .elementor-drop-cap{float:left;text-align:center;line-height:1;font-size:50px}.elementor-widget-text-editor .elementor-drop-cap-letter{display:inline-block}<\/style>\t\t\t\t<p>Schweden Splitt AB sells the majority of its products FOB (Free on Board) to customers all over the Baltic region. On request, we also deliver CFR (Cost and Freight).<\/p><p>We have our own shipping department that handles agency and freight chartering.            This constitutes an important advantage for our customers, insofar as Schweden Splitt have control over the entire process in all steps from order, production to final delivery.<\/p><p>Our well experienced shipping agents provide ships and shipscrew high quality of all    necessary services during the stay in port and we assist in contacts with authorities           and customs clearence.<\/p><p>Welcome to contact our shipping department for detailed information and prices.<\/p><p id=\"E87\" class=\"x-scope qowt-word-para-1\"><a href=\"tel:0454572972\">+ 46 (0) 454 572 972<\/a><br \/>Duty 24 hrs<br \/><a href=\"mailto:agent@splitt.se\">agent@splitt.se <\/a><\/p>\t\t\t\t\t\t<\/div>\n\t\t\t\t<\/div>\n\t\t\t\t\t<\/div>\n\t\t<\/div>\n\t\t\t\t\t\t\t<\/div>\n\t\t<\/section>\n\t\t\t\t\t\t\t<\/div>","protected":false},"excerpt":{"rendered":"<p>Shipping Schweden Splitt AB s\u00e4ljer merparten av materialet FOB (Fritt ombord) till kunder i hela \u00d6stersj\u00f6regionen. P\u00e5 f\u00f6rfr\u00e5gan kan dock material s\u00e4ljas inklusive frakt. Vi har en egen shippingavdelning med hamnagentur och befraktning. Detta har den stora f\u00f6rdelen f\u00f6r kunderna att Schweden Splitt sj\u00e4lva ansvarar f\u00f6r och har kontroll \u00f6ver hela f\u00f6rloppet fr\u00e5n order och [&hellip;]<\/p>","protected":false},"author":1,"featured_media":0,"parent":0,"menu_order":0,"comment_status":"closed","ping_status":"closed","template":"","meta":{"_seopress_robots_primary_cat":"","footnotes":""},"Pagecategories":[],"class_list":["post-38","page","type-page","status-publish","hentry"],"meta_box":[],"_links":{"self":[{"href":"https:\/\/www.schwedensplitt.se\/en\/wp-json\/wp\/v2\/pages\/38","targetHints":{"allow":["GET"]}}],"collection":[{"href":"https:\/\/www.schwedensplitt.se\/en\/wp-json\/wp\/v2\/pages"}],"about":[{"href":"https:\/\/www.schwedensplitt.se\/en\/wp-json\/wp\/v2\/types\/page"}],"author":[{"embeddable":true,"href":"https:\/\/www.schwedensplitt.se\/en\/wp-json\/wp\/v2\/users\/1"}],"replies":[{"embeddable":true,"href":"https:\/\/www.schwedensplitt.se\/en\/wp-json\/wp\/v2\/comments?post=38"}],"version-history":[{"count":5,"href":"https:\/\/www.schwedensplitt.se\/en\/wp-json\/wp\/v2\/pages\/38\/revisions"}],"predecessor-version":[{"id":1199,"href":"https:\/\/www.schwedensplitt.se\/en\/wp-json\/wp\/v2\/pages\/38\/revisions\/1199"}],"wp:attachment":[{"href":"https:\/\/www.schwedensplitt.se\/en\/wp-json\/wp\/v2\/media?parent=38"}],"wp:term":[{"taxonomy":"Pagecategories","embeddable":true,"href":"https:\/\/www.schwedensplitt.se\/en\/wp-json\/wp\/v2\/Pagecategories?post=38"}],"curies":[{"name":"wp","href":"https:\/\/api.w.org\/{rel}","templated":true}]}}