{"id":29,"date":"2021-11-09T11:10:24","date_gmt":"2021-11-09T10:10:24","guid":{"rendered":"https:\/\/www.schwedensplitt.se\/?page_id=29"},"modified":"2026-01-12T09:07:39","modified_gmt":"2026-01-12T08:07:39","slug":"om-hamnen","status":"publish","type":"page","link":"https:\/\/www.schwedensplitt.se\/en\/om-hamnen\/","title":{"rendered":"About port"},"content":{"rendered":"<div data-elementor-type=\"wp-page\" data-elementor-id=\"29\" class=\"elementor elementor-29\" data-elementor-post-type=\"page\">\n\t\t\t\t\t\t\t\t\t<section data-particle_enable=\"false\" data-particle-mobile-disabled=\"false\" class=\"elementor-section elementor-top-section elementor-element elementor-element-63b90ff elementor-section-height-min-height elementor-section-items-bottom elementor-section-boxed elementor-section-height-default\" data-id=\"63b90ff\" data-element_type=\"section\" data-settings=\"{&quot;background_background&quot;:&quot;classic&quot;}\">\n\t\t\t\t\t\t\t<div class=\"elementor-background-overlay\"><\/div>\n\t\t\t\t\t\t\t<div class=\"elementor-container elementor-column-gap-default\">\n\t\t\t\t\t<div class=\"elementor-column elementor-col-100 elementor-top-column elementor-element elementor-element-63f357a\" data-id=\"63f357a\" data-element_type=\"column\">\n\t\t\t<div class=\"elementor-widget-wrap\">\n\t\t\t\t\t\t\t\t\t<\/div>\n\t\t<\/div>\n\t\t\t\t\t\t\t<\/div>\n\t\t<\/section>\n\t\t\t\t<section data-particle_enable=\"false\" data-particle-mobile-disabled=\"false\" class=\"elementor-section elementor-top-section elementor-element elementor-element-45f3800 elementor-section-content-middle elementor-section-boxed elementor-section-height-default elementor-section-height-default\" data-id=\"45f3800\" data-element_type=\"section\" id=\"om-hamnen\">\n\t\t\t\t\t\t<div class=\"elementor-container elementor-column-gap-no\">\n\t\t\t\t\t<div class=\"elementor-column elementor-col-100 elementor-top-column elementor-element elementor-element-5f22e93\" data-id=\"5f22e93\" data-element_type=\"column\">\n\t\t\t<div class=\"elementor-widget-wrap elementor-element-populated\">\n\t\t\t\t\t\t\t\t<div class=\"elementor-element elementor-element-d9d0fa4 elementor-widget elementor-widget-heading\" data-id=\"d9d0fa4\" data-element_type=\"widget\" data-widget_type=\"heading.default\">\n\t\t\t\t<div class=\"elementor-widget-container\">\n\t\t\t<style>\/*! elementor - v3.17.0 - 25-10-2023 *\/\n.elementor-heading-title{padding:0;margin:0;line-height:1}.elementor-widget-heading .elementor-heading-title[class*=elementor-size-]>a{color:inherit;font-size:inherit;line-height:inherit}.elementor-widget-heading .elementor-heading-title.elementor-size-small{font-size:15px}.elementor-widget-heading .elementor-heading-title.elementor-size-medium{font-size:19px}.elementor-widget-heading .elementor-heading-title.elementor-size-large{font-size:29px}.elementor-widget-heading .elementor-heading-title.elementor-size-xl{font-size:39px}.elementor-widget-heading .elementor-heading-title.elementor-size-xxl{font-size:59px}<\/style><h4 class=\"elementor-heading-title elementor-size-default\">About port<\/h4>\t\t<\/div>\n\t\t\t\t<\/div>\n\t\t\t\t<div class=\"elementor-element elementor-element-e9a9e12 elementor-widget elementor-widget-text-editor\" data-id=\"e9a9e12\" data-element_type=\"widget\" data-widget_type=\"text-editor.default\">\n\t\t\t\t<div class=\"elementor-widget-container\">\n\t\t\t<style>\/*! elementor - v3.17.0 - 25-10-2023 *\/\n.elementor-widget-text-editor.elementor-drop-cap-view-stacked .elementor-drop-cap{background-color:#69727d;color:#fff}.elementor-widget-text-editor.elementor-drop-cap-view-framed .elementor-drop-cap{color:#69727d;border:3px solid;background-color:transparent}.elementor-widget-text-editor:not(.elementor-drop-cap-view-default) .elementor-drop-cap{margin-top:8px}.elementor-widget-text-editor:not(.elementor-drop-cap-view-default) .elementor-drop-cap-letter{width:1em;height:1em}.elementor-widget-text-editor .elementor-drop-cap{float:left;text-align:center;line-height:1;font-size:50px}.elementor-widget-text-editor .elementor-drop-cap-letter{display:inline-block}<\/style>\t\t\t\t<p>Schweden Splitt has its own port, Elleholm port, right next to the quarry. With our own port,                          shipping department and port agency we are able to offer our clients unique advantages.<\/p><p>During 2015 the port and fairway have been dredged and a new quay has been constructed                                  to be able to receive larger ships. A new shiploader has been installed to improve loading capacity. Even coarser materials, such as armour stone, can be loaded under FAS conditions (Incoterms).<br \/>The port of Elleholm has a short entry and favorable port fees.<\/p><p>Loadingcapacity: 800-1000 ton\/hrs<br \/>Max LOA: 110 m<br \/>Max bredd (Beam):\u00a016,5\u00a0m<br \/>Max djupg\u00e5ende (Draft): 5,46 m relative Baltic Sea Chart Datum 2000 (BSCD2000)<\/p><p>The use of harbor pilot is mandatory for ship with LOA from 70 m.<\/p><p>Welcome to contact our shipping department for more information on phone<br \/>+46 (0) 454 572 972<\/p><p>Location Elleholm port<br \/>Latitude: 56\u00b009,38\u2019 N<br \/>Longitude: 14\u00b043,69\u2019 E\u00a0<\/p><p>UNLOCODE: SEELL<\/p><p>Port Facility Security Officer<br \/>Carina Blomdahl Tel: + 46 (0) 454 572 972 (24 hrs)<\/p>\t\t\t\t\t\t<\/div>\n\t\t\t\t<\/div>\n\t\t\t\t<div class=\"elementor-element elementor-element-06c117f elementor-widget elementor-widget-eael-adv-accordion\" data-id=\"06c117f\" data-element_type=\"widget\" data-widget_type=\"eael-adv-accordion.default\">\n\t\t\t\t<div class=\"elementor-widget-container\">\n\t\t\t        <div class=\"eael-adv-accordion\" id=\"eael-adv-accordion-06c117f\" data-accordion-id=\"06c117f\" data-accordion-type=\"accordion\" data-toogle-speed=\"300\">\n    <div class=\"eael-accordion-list\">\n                <div id=\"sjkortsutdrag\" class=\"elementor-tab-title eael-accordion-header\" tabindex=\"0\" data-tab=\"1\" aria-controls=\"elementor-tab-content-7081\"><span class=\"eael-advanced-accordion-icon-closed\"><i aria-hidden=\"true\" class=\"fa-accordion-icon fas fa-plus\"><\/i><\/span><span class=\"eael-advanced-accordion-icon-opened\"><i aria-hidden=\"true\" class=\"fa-accordion-icon fas fa-minus\"><\/i><\/span><span class=\"eael-accordion-tab-title\">Nautical chart excerpt<\/span><\/div><div id=\"elementor-tab-content-7081\" class=\"eael-accordion-content clearfix\" data-tab=\"1\" aria-labelledby=\"sjkortsutdrag\"><style>:root{--page-title-display:none;}<\/style>\t\t<div data-elementor-type=\"page\" data-elementor-id=\"787\" class=\"elementor elementor-787\" data-elementor-post-type=\"elementor_library\">\n\t\t\t\t\t\t\t\t\t<section data-particle_enable=\"false\" data-particle-mobile-disabled=\"false\" class=\"elementor-section elementor-top-section elementor-element elementor-element-93e522c elementor-section-boxed elementor-section-height-default elementor-section-height-default\" data-id=\"93e522c\" data-element_type=\"section\">\n\t\t\t\t\t\t<div class=\"elementor-container elementor-column-gap-default\">\n\t\t\t\t\t<div class=\"elementor-column elementor-col-100 elementor-top-column elementor-element elementor-element-4122a13\" data-id=\"4122a13\" data-element_type=\"column\">\n\t\t\t<div class=\"elementor-widget-wrap elementor-element-populated\">\n\t\t\t\t\t\t\t\t<div class=\"elementor-element elementor-element-05ea43a elementor-widget elementor-widget-image\" data-id=\"05ea43a\" data-element_type=\"widget\" data-widget_type=\"image.default\">\n\t\t\t\t<div class=\"elementor-widget-container\">\n\t\t\t<style>\/*! elementor - v3.17.0 - 25-10-2023 *\/\n.elementor-widget-image{text-align:center}.elementor-widget-image a{display:inline-block}.elementor-widget-image a img[src$=\".svg\"]{width:48px}.elementor-widget-image img{vertical-align:middle;display:inline-block}<\/style>\t\t\t\t\t\t\t\t\t\t\t\t<img decoding=\"async\" width=\"1030\" height=\"685\" src=\"https:\/\/www.schwedensplitt.se\/wp-content\/uploads\/2021\/11\/2015-01-12-Lge-Elleholms-hamn.jpg\" class=\"attachment-full size-full wp-image-556\" alt=\"\" srcset=\"https:\/\/www.schwedensplitt.se\/wp-content\/uploads\/2021\/11\/2015-01-12-Lge-Elleholms-hamn.jpg 1030w, https:\/\/www.schwedensplitt.se\/wp-content\/uploads\/2021\/11\/2015-01-12-Lge-Elleholms-hamn-300x200.jpg 300w, https:\/\/www.schwedensplitt.se\/wp-content\/uploads\/2021\/11\/2015-01-12-Lge-Elleholms-hamn-1024x681.jpg 1024w, https:\/\/www.schwedensplitt.se\/wp-content\/uploads\/2021\/11\/2015-01-12-Lge-Elleholms-hamn-768x511.jpg 768w, https:\/\/www.schwedensplitt.se\/wp-content\/uploads\/2021\/11\/2015-01-12-Lge-Elleholms-hamn-18x12.jpg 18w\" sizes=\"(max-width: 1030px) 100vw, 1030px\" \/>\t\t\t\t\t\t\t\t\t\t\t\t\t\t\t<\/div>\n\t\t\t\t<\/div>\n\t\t\t\t\t<\/div>\n\t\t<\/div>\n\t\t\t\t\t\t\t<\/div>\n\t\t<\/section>\n\t\t\t\t\t\t\t<\/div>\n\t\t<\/div>\n                <\/div><\/div>\t\t<\/div>\n\t\t\t\t<\/div>\n\t\t\t\t\t<\/div>\n\t\t<\/div>\n\t\t\t\t\t\t\t<\/div>\n\t\t<\/section>\n\t\t\t\t<section data-particle_enable=\"false\" data-particle-mobile-disabled=\"false\" class=\"elementor-section elementor-top-section elementor-element elementor-element-53563d17 elementor-section-content-middle elementor-section-boxed elementor-section-height-default elementor-section-height-default\" data-id=\"53563d17\" data-element_type=\"section\">\n\t\t\t\t\t\t<div class=\"elementor-container elementor-column-gap-no\">\n\t\t\t\t\t<div class=\"elementor-column elementor-col-100 elementor-top-column elementor-element elementor-element-2fe6843a\" data-id=\"2fe6843a\" data-element_type=\"column\">\n\t\t\t<div class=\"elementor-widget-wrap elementor-element-populated\">\n\t\t\t\t\t\t\t\t<div class=\"elementor-element elementor-element-0d7140a gallery-spacing-custom elementor-widget elementor-widget-image-gallery\" data-id=\"0d7140a\" data-element_type=\"widget\" data-widget_type=\"image-gallery.default\">\n\t\t\t\t<div class=\"elementor-widget-container\">\n\t\t\t<style>\/*! elementor - v3.17.0 - 25-10-2023 *\/\n.elementor-image-gallery .gallery-item{display:inline-block;text-align:center;vertical-align:top;width:100%;max-width:100%;margin:0 auto}.elementor-image-gallery .gallery-item img{margin:0 auto}.elementor-image-gallery .gallery-item .gallery-caption{margin:0}.elementor-image-gallery figure img{display:block}.elementor-image-gallery figure figcaption{width:100%}.gallery-spacing-custom .elementor-image-gallery .gallery-icon{padding:0}@media (min-width:768px){.elementor-image-gallery .gallery-columns-2 .gallery-item{max-width:50%}.elementor-image-gallery .gallery-columns-3 .gallery-item{max-width:33.33%}.elementor-image-gallery .gallery-columns-4 .gallery-item{max-width:25%}.elementor-image-gallery .gallery-columns-5 .gallery-item{max-width:20%}.elementor-image-gallery .gallery-columns-6 .gallery-item{max-width:16.666%}.elementor-image-gallery .gallery-columns-7 .gallery-item{max-width:14.28%}.elementor-image-gallery .gallery-columns-8 .gallery-item{max-width:12.5%}.elementor-image-gallery .gallery-columns-9 .gallery-item{max-width:11.11%}.elementor-image-gallery .gallery-columns-10 .gallery-item{max-width:10%}}@media (min-width:480px) and (max-width:767px){.elementor-image-gallery .gallery.gallery-columns-2 .gallery-item,.elementor-image-gallery .gallery.gallery-columns-3 .gallery-item,.elementor-image-gallery .gallery.gallery-columns-4 .gallery-item,.elementor-image-gallery .gallery.gallery-columns-5 .gallery-item,.elementor-image-gallery .gallery.gallery-columns-6 .gallery-item,.elementor-image-gallery .gallery.gallery-columns-7 .gallery-item,.elementor-image-gallery .gallery.gallery-columns-8 .gallery-item,.elementor-image-gallery .gallery.gallery-columns-9 .gallery-item,.elementor-image-gallery .gallery.gallery-columns-10 .gallery-item{max-width:50%}}@media (max-width:479px){.elementor-image-gallery .gallery.gallery-columns-2 .gallery-item,.elementor-image-gallery .gallery.gallery-columns-3 .gallery-item,.elementor-image-gallery .gallery.gallery-columns-4 .gallery-item,.elementor-image-gallery .gallery.gallery-columns-5 .gallery-item,.elementor-image-gallery .gallery.gallery-columns-6 .gallery-item,.elementor-image-gallery .gallery.gallery-columns-7 .gallery-item,.elementor-image-gallery .gallery.gallery-columns-8 .gallery-item,.elementor-image-gallery .gallery.gallery-columns-9 .gallery-item,.elementor-image-gallery .gallery.gallery-columns-10 .gallery-item{max-width:100%}}<\/style>\t\t<div class=\"elementor-image-gallery\">\n\t\t\t<div id='gallery-1' class='gallery galleryid-29 gallery-columns-3 gallery-size-full'><figure class='gallery-item'>\n\t\t\t<div class='gallery-icon landscape'>\n\t\t\t\t<img decoding=\"async\" width=\"1200\" height=\"798\" src=\"https:\/\/www.schwedensplitt.se\/wp-content\/uploads\/2021\/11\/foto-om-hamnen-0052-e1636636125666.jpg\" class=\"attachment-full size-full\" alt=\"\" srcset=\"https:\/\/www.schwedensplitt.se\/wp-content\/uploads\/2021\/11\/foto-om-hamnen-0052-e1636636125666.jpg 1200w, https:\/\/www.schwedensplitt.se\/wp-content\/uploads\/2021\/11\/foto-om-hamnen-0052-e1636636125666-300x200.jpg 300w, https:\/\/www.schwedensplitt.se\/wp-content\/uploads\/2021\/11\/foto-om-hamnen-0052-e1636636125666-1024x681.jpg 1024w, https:\/\/www.schwedensplitt.se\/wp-content\/uploads\/2021\/11\/foto-om-hamnen-0052-e1636636125666-768x511.jpg 768w, https:\/\/www.schwedensplitt.se\/wp-content\/uploads\/2021\/11\/foto-om-hamnen-0052-e1636636125666-18x12.jpg 18w\" sizes=\"(max-width: 1200px) 100vw, 1200px\" \/>\n\t\t\t<\/div><\/figure><figure class='gallery-item'>\n\t\t\t<div class='gallery-icon landscape'>\n\t\t\t\t<img decoding=\"async\" width=\"1200\" height=\"799\" src=\"https:\/\/www.schwedensplitt.se\/wp-content\/uploads\/2021\/11\/foto-sakerhet-0095.jpg\" class=\"attachment-full size-full\" alt=\"\" srcset=\"https:\/\/www.schwedensplitt.se\/wp-content\/uploads\/2021\/11\/foto-sakerhet-0095.jpg 1200w, https:\/\/www.schwedensplitt.se\/wp-content\/uploads\/2021\/11\/foto-sakerhet-0095-300x200.jpg 300w, https:\/\/www.schwedensplitt.se\/wp-content\/uploads\/2021\/11\/foto-sakerhet-0095-1024x682.jpg 1024w, https:\/\/www.schwedensplitt.se\/wp-content\/uploads\/2021\/11\/foto-sakerhet-0095-768x511.jpg 768w, https:\/\/www.schwedensplitt.se\/wp-content\/uploads\/2021\/11\/foto-sakerhet-0095-18x12.jpg 18w\" sizes=\"(max-width: 1200px) 100vw, 1200px\" \/>\n\t\t\t<\/div><\/figure><figure class='gallery-item'>\n\t\t\t<div class='gallery-icon landscape'>\n\t\t\t\t<img decoding=\"async\" width=\"1200\" height=\"799\" src=\"https:\/\/www.schwedensplitt.se\/wp-content\/uploads\/2021\/11\/foto-bildspel-0076.jpg\" class=\"attachment-full size-full\" alt=\"\" srcset=\"https:\/\/www.schwedensplitt.se\/wp-content\/uploads\/2021\/11\/foto-bildspel-0076.jpg 1200w, https:\/\/www.schwedensplitt.se\/wp-content\/uploads\/2021\/11\/foto-bildspel-0076-300x200.jpg 300w, https:\/\/www.schwedensplitt.se\/wp-content\/uploads\/2021\/11\/foto-bildspel-0076-1024x682.jpg 1024w, https:\/\/www.schwedensplitt.se\/wp-content\/uploads\/2021\/11\/foto-bildspel-0076-768x511.jpg 768w, https:\/\/www.schwedensplitt.se\/wp-content\/uploads\/2021\/11\/foto-bildspel-0076-18x12.jpg 18w\" sizes=\"(max-width: 1200px) 100vw, 1200px\" \/>\n\t\t\t<\/div><\/figure>\n\t\t<\/div>\n\t\t<\/div>\n\t\t\t\t<\/div>\n\t\t\t\t<\/div>\n\t\t\t\t\t<\/div>\n\t\t<\/div>\n\t\t\t\t\t\t\t<\/div>\n\t\t<\/section>\n\t\t\t\t\t\t\t<\/div>","protected":false},"excerpt":{"rendered":"<p>Om hamnen Schweden Splitt har en egen hamn,\u00a0Elleholms\u00a0Hamn som ligger i anslutning till v\u00e5r krossanl\u00e4ggning.\u00a0Med egen hamn, shippingavdelning och hamnagentur,\u00a0kan vi erbjuda v\u00e5ra kunder unika och flexibla f\u00f6rdelar. Under 2015 har hamnen och farleden muddrats och en ny kajkonstruktion har uppf\u00f6rts f\u00f6r att kunna ta emot st\u00f6rre fartyg \u00e4n tidigare. En ny skeppslastare har installerats [&hellip;]<\/p>","protected":false},"author":1,"featured_media":0,"parent":0,"menu_order":0,"comment_status":"closed","ping_status":"closed","template":"","meta":{"_seopress_robots_primary_cat":"","footnotes":""},"Pagecategories":[],"class_list":["post-29","page","type-page","status-publish","hentry"],"meta_box":[],"_links":{"self":[{"href":"https:\/\/www.schwedensplitt.se\/en\/wp-json\/wp\/v2\/pages\/29","targetHints":{"allow":["GET"]}}],"collection":[{"href":"https:\/\/www.schwedensplitt.se\/en\/wp-json\/wp\/v2\/pages"}],"about":[{"href":"https:\/\/www.schwedensplitt.se\/en\/wp-json\/wp\/v2\/types\/page"}],"author":[{"embeddable":true,"href":"https:\/\/www.schwedensplitt.se\/en\/wp-json\/wp\/v2\/users\/1"}],"replies":[{"embeddable":true,"href":"https:\/\/www.schwedensplitt.se\/en\/wp-json\/wp\/v2\/comments?post=29"}],"version-history":[{"count":8,"href":"https:\/\/www.schwedensplitt.se\/en\/wp-json\/wp\/v2\/pages\/29\/revisions"}],"predecessor-version":[{"id":1307,"href":"https:\/\/www.schwedensplitt.se\/en\/wp-json\/wp\/v2\/pages\/29\/revisions\/1307"}],"wp:attachment":[{"href":"https:\/\/www.schwedensplitt.se\/en\/wp-json\/wp\/v2\/media?parent=29"}],"wp:term":[{"taxonomy":"Pagecategories","embeddable":true,"href":"https:\/\/www.schwedensplitt.se\/en\/wp-json\/wp\/v2\/Pagecategories?post=29"}],"curies":[{"name":"wp","href":"https:\/\/api.w.org\/{rel}","templated":true}]}}